{"id":90,"date":"2022-07-27T19:27:24","date_gmt":"2022-07-27T18:27:24","guid":{"rendered":"https:\/\/ancienne-tuilerie.fr\/wordpress\/?page_id=90"},"modified":"2022-07-28T10:00:51","modified_gmt":"2022-07-28T09:00:51","slug":"home","status":"publish","type":"page","link":"https:\/\/ancienne-tuilerie.fr\/wordpress\/home\/","title":{"rendered":"Ancienne Tuilerie"},"content":{"rendered":"\n<figure class=\"wp-block-image size-large is-resized\" style=\"border-radius:70px\"><a href=\"https:\/\/ancienne-tuilerie.fr\/wordpress\/wp-content\/uploads\/2022\/07\/20200918_152011-scaled.jpg\"><img loading=\"lazy\" decoding=\"async\" src=\"https:\/\/ancienne-tuilerie.fr\/wordpress\/wp-content\/uploads\/2022\/07\/20200918_152011-768x1024.jpg\" alt=\"\" class=\"wp-image-92\" width=\"482\" height=\"642\" srcset=\"https:\/\/ancienne-tuilerie.fr\/wordpress\/wp-content\/uploads\/2022\/07\/20200918_152011-768x1024.jpg 768w, https:\/\/ancienne-tuilerie.fr\/wordpress\/wp-content\/uploads\/2022\/07\/20200918_152011-225x300.jpg 225w, https:\/\/ancienne-tuilerie.fr\/wordpress\/wp-content\/uploads\/2022\/07\/20200918_152011-1152x1536.jpg 1152w, https:\/\/ancienne-tuilerie.fr\/wordpress\/wp-content\/uploads\/2022\/07\/20200918_152011-1536x2048.jpg 1536w, https:\/\/ancienne-tuilerie.fr\/wordpress\/wp-content\/uploads\/2022\/07\/20200918_152011-scaled.jpg 1920w\" sizes=\"auto, (max-width: 482px) 100vw, 482px\" \/><\/a><\/figure>\n\n\n\n<pre class=\"wp-block-preformatted\">In Thermes-Magnoac umgeben vom eigenen kleinen Wald ( ca. 6 Ha ) findet Ihr unsere Ancienne-Tuilerie auf einer Gr\u00fcnfl\u00e4che von ca. 2 Hektar. Zur Verf\u00fcgung stehen bald mehrere gem\u00fctliche G\u00e4stezimmer, die wir gerade liebevoll renovieren.<\/pre>\n","protected":false},"excerpt":{"rendered":"<p>In Thermes-Magnoac umgeben vom eigenen kleinen Wald ( ca. 6 Ha ) findet Ihr unsere Ancienne-Tuilerie auf einer Gr\u00fcnfl\u00e4che von ca. 2 Hektar. Zur Verf\u00fcgung stehen bald mehrere gem\u00fctliche G\u00e4stezimmer, die wir gerade liebevoll renovieren.<\/p>\n","protected":false},"author":1,"featured_media":0,"parent":0,"menu_order":0,"comment_status":"closed","ping_status":"closed","template":"","meta":{"footnotes":""},"class_list":["post-90","page","type-page","status-publish","hentry"],"yoast_head":"<!-- This site is optimized with the Yoast SEO plugin v19.4 - https:\/\/yoast.com\/wordpress\/plugins\/seo\/ -->\n<title>Ancienne Tuilerie - Ancienne Tuilerie<\/title>\n<meta name=\"robots\" content=\"index, follow, max-snippet:-1, max-image-preview:large, max-video-preview:-1\" \/>\n<link rel=\"canonical\" href=\"https:\/\/ancienne-tuilerie.fr\/wordpress\/home\/\" \/>\n<meta property=\"og:locale\" content=\"de_DE\" \/>\n<meta property=\"og:type\" content=\"article\" \/>\n<meta property=\"og:title\" content=\"Ancienne Tuilerie - Ancienne Tuilerie\" \/>\n<meta property=\"og:description\" content=\"In Thermes-Magnoac umgeben vom eigenen kleinen Wald ( ca. 6 Ha ) findet Ihr unsere Ancienne-Tuilerie auf einer Gr\u00fcnfl\u00e4che von ca. 2 Hektar. Zur Verf\u00fcgung stehen bald mehrere gem\u00fctliche G\u00e4stezimmer, die wir gerade liebevoll renovieren.\" \/>\n<meta property=\"og:url\" content=\"https:\/\/ancienne-tuilerie.fr\/wordpress\/home\/\" \/>\n<meta property=\"og:site_name\" content=\"Ancienne Tuilerie\" \/>\n<meta property=\"article:modified_time\" content=\"2022-07-28T09:00:51+00:00\" \/>\n<meta property=\"og:image\" content=\"https:\/\/ancienne-tuilerie.fr\/wordpress\/wp-content\/uploads\/2022\/07\/20200918_152011-768x1024.jpg\" \/>\n<meta name=\"twitter:label1\" content=\"Gesch\u00e4tzte Lesezeit\" \/>\n\t<meta name=\"twitter:data1\" content=\"1\u00a0Minute\" \/>\n<script type=\"application\/ld+json\" class=\"yoast-schema-graph\">{\"@context\":\"https:\/\/schema.org\",\"@graph\":[{\"@type\":\"WebSite\",\"@id\":\"https:\/\/ancienne-tuilerie.fr\/wordpress\/#website\",\"url\":\"https:\/\/ancienne-tuilerie.fr\/wordpress\/\",\"name\":\"Ancienne Tuilerie\",\"description\":\"\",\"potentialAction\":[{\"@type\":\"SearchAction\",\"target\":{\"@type\":\"EntryPoint\",\"urlTemplate\":\"https:\/\/ancienne-tuilerie.fr\/wordpress\/?s={search_term_string}\"},\"query-input\":\"required name=search_term_string\"}],\"inLanguage\":\"de\"},{\"@type\":\"WebPage\",\"@id\":\"https:\/\/ancienne-tuilerie.fr\/wordpress\/home\/\",\"url\":\"https:\/\/ancienne-tuilerie.fr\/wordpress\/home\/\",\"name\":\"Ancienne Tuilerie - Ancienne Tuilerie\",\"isPartOf\":{\"@id\":\"https:\/\/ancienne-tuilerie.fr\/wordpress\/#website\"},\"datePublished\":\"2022-07-27T18:27:24+00:00\",\"dateModified\":\"2022-07-28T09:00:51+00:00\",\"breadcrumb\":{\"@id\":\"https:\/\/ancienne-tuilerie.fr\/wordpress\/home\/#breadcrumb\"},\"inLanguage\":\"de\",\"potentialAction\":[{\"@type\":\"ReadAction\",\"target\":[\"https:\/\/ancienne-tuilerie.fr\/wordpress\/home\/\"]}]},{\"@type\":\"BreadcrumbList\",\"@id\":\"https:\/\/ancienne-tuilerie.fr\/wordpress\/home\/#breadcrumb\",\"itemListElement\":[{\"@type\":\"ListItem\",\"position\":1,\"name\":\"Accueil\",\"item\":\"https:\/\/ancienne-tuilerie.fr\/wordpress\/\"},{\"@type\":\"ListItem\",\"position\":2,\"name\":\"Ancienne Tuilerie\"}]}]}<\/script>\n<!-- \/ Yoast SEO plugin. -->","yoast_head_json":{"title":"Ancienne Tuilerie - Ancienne Tuilerie","robots":{"index":"index","follow":"follow","max-snippet":"max-snippet:-1","max-image-preview":"max-image-preview:large","max-video-preview":"max-video-preview:-1"},"canonical":"https:\/\/ancienne-tuilerie.fr\/wordpress\/home\/","og_locale":"de_DE","og_type":"article","og_title":"Ancienne Tuilerie - Ancienne Tuilerie","og_description":"In Thermes-Magnoac umgeben vom eigenen kleinen Wald ( ca. 6 Ha ) findet Ihr unsere Ancienne-Tuilerie auf einer Gr\u00fcnfl\u00e4che von ca. 2 Hektar. Zur Verf\u00fcgung stehen bald mehrere gem\u00fctliche G\u00e4stezimmer, die wir gerade liebevoll renovieren.","og_url":"https:\/\/ancienne-tuilerie.fr\/wordpress\/home\/","og_site_name":"Ancienne Tuilerie","article_modified_time":"2022-07-28T09:00:51+00:00","og_image":[{"url":"https:\/\/ancienne-tuilerie.fr\/wordpress\/wp-content\/uploads\/2022\/07\/20200918_152011-768x1024.jpg"}],"twitter_misc":{"Gesch\u00e4tzte Lesezeit":"1\u00a0Minute"},"schema":{"@context":"https:\/\/schema.org","@graph":[{"@type":"WebSite","@id":"https:\/\/ancienne-tuilerie.fr\/wordpress\/#website","url":"https:\/\/ancienne-tuilerie.fr\/wordpress\/","name":"Ancienne Tuilerie","description":"","potentialAction":[{"@type":"SearchAction","target":{"@type":"EntryPoint","urlTemplate":"https:\/\/ancienne-tuilerie.fr\/wordpress\/?s={search_term_string}"},"query-input":"required name=search_term_string"}],"inLanguage":"de"},{"@type":"WebPage","@id":"https:\/\/ancienne-tuilerie.fr\/wordpress\/home\/","url":"https:\/\/ancienne-tuilerie.fr\/wordpress\/home\/","name":"Ancienne Tuilerie - Ancienne Tuilerie","isPartOf":{"@id":"https:\/\/ancienne-tuilerie.fr\/wordpress\/#website"},"datePublished":"2022-07-27T18:27:24+00:00","dateModified":"2022-07-28T09:00:51+00:00","breadcrumb":{"@id":"https:\/\/ancienne-tuilerie.fr\/wordpress\/home\/#breadcrumb"},"inLanguage":"de","potentialAction":[{"@type":"ReadAction","target":["https:\/\/ancienne-tuilerie.fr\/wordpress\/home\/"]}]},{"@type":"BreadcrumbList","@id":"https:\/\/ancienne-tuilerie.fr\/wordpress\/home\/#breadcrumb","itemListElement":[{"@type":"ListItem","position":1,"name":"Accueil","item":"https:\/\/ancienne-tuilerie.fr\/wordpress\/"},{"@type":"ListItem","position":2,"name":"Ancienne Tuilerie"}]}]}},"_links":{"self":[{"href":"https:\/\/ancienne-tuilerie.fr\/wordpress\/wp-json\/wp\/v2\/pages\/90","targetHints":{"allow":["GET"]}}],"collection":[{"href":"https:\/\/ancienne-tuilerie.fr\/wordpress\/wp-json\/wp\/v2\/pages"}],"about":[{"href":"https:\/\/ancienne-tuilerie.fr\/wordpress\/wp-json\/wp\/v2\/types\/page"}],"author":[{"embeddable":true,"href":"https:\/\/ancienne-tuilerie.fr\/wordpress\/wp-json\/wp\/v2\/users\/1"}],"replies":[{"embeddable":true,"href":"https:\/\/ancienne-tuilerie.fr\/wordpress\/wp-json\/wp\/v2\/comments?post=90"}],"version-history":[{"count":4,"href":"https:\/\/ancienne-tuilerie.fr\/wordpress\/wp-json\/wp\/v2\/pages\/90\/revisions"}],"predecessor-version":[{"id":97,"href":"https:\/\/ancienne-tuilerie.fr\/wordpress\/wp-json\/wp\/v2\/pages\/90\/revisions\/97"}],"wp:attachment":[{"href":"https:\/\/ancienne-tuilerie.fr\/wordpress\/wp-json\/wp\/v2\/media?parent=90"}],"curies":[{"name":"wp","href":"https:\/\/api.w.org\/{rel}","templated":true}]}}